{"id":27,"date":"2014-02-01T16:35:20","date_gmt":"2014-02-01T14:35:20","guid":{"rendered":"http:\/\/3718.t3nz4.ntz.de\/?page_id=27"},"modified":"2026-01-08T12:14:13","modified_gmt":"2026-01-08T10:14:13","slug":"musikschulleiter","status":"publish","type":"page","link":"https:\/\/www.musikschule-clauss.de\/?page_id=27","title":{"rendered":"Musikschulleiter"},"content":{"rendered":"<p><!--themify_builder_static--><\/p>\n<p><strong>Unser Musikschulleiter ist der Diplom Musiklehrer Gerd Clauss<\/strong><\/p>\n<p>Jahrgang 1967, Abitur 1987 H\u00f6Gy Nu\u0308rtingen, verheiratet,<br \/>4 Kinder, 1 H\u00fcndin und 2 Kater<\/p>\n<div id='gallery-1' class='gallery galleryid-27 gallery-columns-3 gallery-size-thumbnail'><figure class='gallery-item'>\n\t\t\t<div class='gallery-icon landscape'>\n\t\t\t\t<a href='https:\/\/www.musikschule-clauss.de\/?attachment_id=149'><img loading=\"lazy\" decoding=\"async\" width=\"150\" height=\"150\" src=\"https:\/\/www.musikschule-clauss.de\/wp-content\/uploads\/2014\/02\/dsc_3586-150x150.jpg\" class=\"attachment-thumbnail size-thumbnail\" alt=\"\" aria-describedby=\"gallery-1-149\" srcset=\"https:\/\/www.musikschule-clauss.de\/wp-content\/uploads\/2014\/02\/dsc_3586-150x150.jpg 150w, https:\/\/www.musikschule-clauss.de\/wp-content\/uploads\/2014\/02\/dsc_3586-300x300.jpg 300w\" sizes=\"auto, (max-width: 150px) 100vw, 150px\" \/><\/a>\n\t\t\t<\/div>\n\t\t\t\t<figcaption class='wp-caption-text gallery-caption' id='gallery-1-149'>\n\t\t\t\tGerd Clauss\n\t\t\t\t<\/figcaption><\/figure>\n\t\t<\/div>\n\n<p>1986 \u2013 2004 Naturtheater Gr\u00f6tzingen zu Beginn als Musiker, sp\u00e4ter Musikalischer Leiter<br \/>1986 erster TV Film beim SWF, div. Chor- und Ku\u0308nstlerbegleitungen,<br \/>Mitwirkung in verschiedenen Bands, Ensembles und Orchestern<br \/>Mehrere TV- und Rundfunkauftritte<br \/>1987 Grundwehrdienst als Milit\u00e4rmusiker in Ulm<\/p>\n<p>1989-1993 Studium in Trossingen mit Abschluss als Musiklehrer (Klavier und Akkordeon)<br \/>und Dirigent<\/p>\n<p>1991-2000 Dirigent des HSN \u2013 Neuhausen\/Filder<br \/>seit 1987 Kompositionen und Vertonungen fu\u0308r viele Theaterstu\u0308cke und Filme<br \/>1991 Lehrer an der Musikschule Reutlingen<br \/>seit 1993 bilden Komposition und Musiktheorie (mit Studium an der MHS Stuttgart)<br \/>die Schwerpunkte seiner Arbeit<\/p>\n<h3>Gerd Clauss als Gospel Pianist<\/h3>\n<div id='gallery-2' class='gallery galleryid-27 gallery-columns-3 gallery-size-thumbnail'><figure class='gallery-item'>\n\t\t\t<div class='gallery-icon landscape'>\n\t\t\t\t<a href='https:\/\/www.musikschule-clauss.de\/?attachment_id=150'><img loading=\"lazy\" decoding=\"async\" width=\"150\" height=\"150\" src=\"https:\/\/www.musikschule-clauss.de\/wp-content\/uploads\/2014\/02\/gerd-gospelkl-150x150.jpg\" class=\"attachment-thumbnail size-thumbnail\" alt=\"\" \/><\/a>\n\t\t\t<\/div><\/figure>\n\t\t<\/div>\n\n<p>\u00a0<\/p>\n<p>1995 Er\u00f6ffnung der Musikschule Clauss in Neckartenzlingen<br \/>1997 Gru\u0308ndungsmitglied und Leiter der OASE-Band<br \/>2000 Gru\u0308ndung des Musikverlages<br \/>2001-2007 Chorleiter der Kinder- und Jugendch\u00f6re (Sch\u00f6nrain-Ch\u00f6ren Neckartenzlingen<br \/>e.V.)<br \/>April 2002 erfolgreiche Pru\u0308fung zum staatl. anerkannten Chorleiter<br \/>Okt. 2002-2007 Gru\u0308ndung und Leitung des Gospelchores \u201eSpirit of Joy!\u201c<br \/>2003 Verlegung von Musikschule und Tonstudio in gr\u00f6\u00dfere R\u00e4ume<br \/>2005 10 Jahre Musikschule Clauss<br \/>2006, 1. Neckartenzlinger Gospel-Night mit Spirit of Joy!<br \/>2008 &#8211; 2022 Chorleiter bei \u201emen at voice\u201c beim S\u00e4ngerbund Neckartailfingen<br \/>2009 Chorleiter bei \u201eYoung Generation\u201c beim S\u00e4ngerbund Neckartailfingen<br \/>2009 Gru\u0308ndung und Leitung einer Bl\u00e4serklasse (Auwiesenschule Neckartenzlingen)<br \/>2009 Kooperation mit dem Gymnasium Neckartenzlingen<\/p>\n<p>2010 Organisation und Durchfu\u0308hrung eines Benefizkonzert zu Gunsten der Mensa<br \/>2010 15 Jahre Musikschule Clauss<br \/>seit Okt. 2010 Mitglied in der Stadtkapelle Metzingen (H\u00f6chststufenorchester)<br \/>2011 Gru\u0308ndung und Leitung einer Bl\u00e4serklasse (Realschule Neckartenzlingen)<br \/>2012 erfolgreiche Teilnahme an div. Workshops und Fortbildungen als Dirigent<\/p>\n<div id='gallery-3' class='gallery galleryid-27 gallery-columns-3 gallery-size-thumbnail'><figure class='gallery-item'>\n\t\t\t<div class='gallery-icon landscape'>\n\t\t\t\t<a href='https:\/\/www.musikschule-clauss.de\/?attachment_id=507'><img loading=\"lazy\" decoding=\"async\" width=\"150\" height=\"150\" src=\"https:\/\/www.musikschule-clauss.de\/wp-content\/uploads\/2015\/08\/IMG_4043-150x150.jpg\" class=\"attachment-thumbnail size-thumbnail\" alt=\"\" aria-describedby=\"gallery-3-507\" \/><\/a>\n\t\t\t<\/div>\n\t\t\t\t<figcaption class='wp-caption-text gallery-caption' id='gallery-3-507'>\n\t\t\t\t&#8230;als Dirigent\n\t\t\t\t<\/figcaption><\/figure>\n\t\t<\/div>\n\n<p>Okt. 2014 Leiter des Blasorchesters der Realschule Neckartenzlingen<\/p>\n<p>2015 20 Jahre Musikschule Clauss<br \/>im 2. Schulhalbjahr 2015 Musiklehrer am Gymnasium Neckartenzlingen<br \/>April 2015 10 Jahre \u201cmen at voice\u201d Jubil\u00e4umskonzert<\/p>\n<p>Seit Oktober 2017 Organist an der Martinskirche Neckartailfingen<br \/>Oktober 2017 \u2013 25 j\u00e4hriges Dirigentenjubil\u00e4um<\/p>\n<p>April 2018 Leiter des Konfi-Chors in Neckartailfingen<br \/>im 2. Schulhalbjahr 2018 Musiklehrer am Gymnasium Neckartenzlingen<br \/>12.10.2018 Gro\u00dfes Benefizkonzert \u201c10 Jahre Chorleiter bei men at voice\u201d<br \/>Nov. 2018 Fortbildung bei Prof. Jens Wollenschl\u00e4ger (Orgel)<\/p>\n<p>Mai 2019 Leiter des Konfi-Chors in Neckartailfingen<\/p>\n<p>Feb. 2020 &#8211; Juli 2023 Musiklehrer am Dietrich Bonhoeffer Gymnasium Filderstadt<\/p>\n<p>Sept. 2022 &#8211; Juli 2023 Musiklehrer am H\u00f6lderlin Gymnasium N\u00fcrtingen<\/p>\n<p>Konzertreisen mit Ch\u00f6ren und Orchestern, Organisation von Benefizkonzerten mit<br \/>bekannten Stars, Auftritte in Rundfunk und TV<\/p>\n<p>Hobbies: Familie, Musik, Hund, Katze, Lesen, Menschen kennenlernen, Photographieren<\/p>\n<p><div id='gallery-4' class='gallery galleryid-27 gallery-columns-3 gallery-size-thumbnail'><figure class='gallery-item'>\n\t\t\t<div class='gallery-icon landscape'>\n\t\t\t\t<a href='https:\/\/www.musikschule-clauss.de\/?attachment_id=411'><img loading=\"lazy\" decoding=\"async\" width=\"150\" height=\"150\" src=\"https:\/\/www.musikschule-clauss.de\/wp-content\/uploads\/2014\/02\/Foto-23.11.13-18-12-51-150x150.jpg\" class=\"attachment-thumbnail size-thumbnail\" alt=\"\" aria-describedby=\"gallery-4-411\" \/><\/a>\n\t\t\t<\/div>\n\t\t\t\t<figcaption class='wp-caption-text gallery-caption' id='gallery-4-411'>\n\t\t\t\t&#8230;als Chorleiter\n\t\t\t\t<\/figcaption><\/figure>\n\t\t<\/div>\n<!--\/themify_builder_static--><\/p>\n<p>&nbsp;<\/p>\n","protected":false},"excerpt":{"rendered":"<p>Unser Musikschulleiter ist der Diplom Musiklehrer Gerd Clauss Jahrgang 1967, Abitur 1987 H\u00f6Gy Nu\u0308rtingen, verheiratet,4 Kinder, 1 H\u00fcndin und 2 Kater 1986 \u2013 2004 Naturtheater Gr\u00f6tzingen zu Beginn als Musiker, sp\u00e4ter Musikalischer Leiter1986 erster TV Film beim SWF, div. Chor- und Ku\u0308nstlerbegleitungen,Mitwirkung in verschiedenen Bands, Ensembles und OrchesternMehrere TV- und Rundfunkauftritte1987 Grundwehrdienst als Milit\u00e4rmusiker in [&hellip;]<\/p>\n","protected":false},"author":1,"featured_media":0,"parent":0,"menu_order":1,"comment_status":"closed","ping_status":"open","template":"","meta":{"footnotes":""},"class_list":["post-27","page","type-page","status-publish","hentry","has-post-title","has-post-date","has-post-category","has-post-tag","has-post-comment","has-post-author",""],"_links":{"self":[{"href":"https:\/\/www.musikschule-clauss.de\/index.php?rest_route=\/wp\/v2\/pages\/27","targetHints":{"allow":["GET"]}}],"collection":[{"href":"https:\/\/www.musikschule-clauss.de\/index.php?rest_route=\/wp\/v2\/pages"}],"about":[{"href":"https:\/\/www.musikschule-clauss.de\/index.php?rest_route=\/wp\/v2\/types\/page"}],"author":[{"embeddable":true,"href":"https:\/\/www.musikschule-clauss.de\/index.php?rest_route=\/wp\/v2\/users\/1"}],"replies":[{"embeddable":true,"href":"https:\/\/www.musikschule-clauss.de\/index.php?rest_route=%2Fwp%2Fv2%2Fcomments&post=27"}],"version-history":[{"count":39,"href":"https:\/\/www.musikschule-clauss.de\/index.php?rest_route=\/wp\/v2\/pages\/27\/revisions"}],"predecessor-version":[{"id":1385,"href":"https:\/\/www.musikschule-clauss.de\/index.php?rest_route=\/wp\/v2\/pages\/27\/revisions\/1385"}],"wp:attachment":[{"href":"https:\/\/www.musikschule-clauss.de\/index.php?rest_route=%2Fwp%2Fv2%2Fmedia&parent=27"}],"curies":[{"name":"wp","href":"https:\/\/api.w.org\/{rel}","templated":true}]}}